{"id":245,"date":"2015-02-14T22:35:15","date_gmt":"2015-02-14T20:35:15","guid":{"rendered":"http:\/\/csicso.com\/ironman\/?page_id=245"},"modified":"2019-07-01T19:30:40","modified_gmt":"2019-07-01T17:30:40","slug":"8-spuri-balaton-szupermaraton","status":"publish","type":"page","link":"http:\/\/csicso.com\/futas\/8-spuri-balaton-szupermaraton\/","title":{"rendered":"8. Spuri Balaton SzuperMaraton"},"content":{"rendered":"<table border=\"0\" cellspacing=\"0\" cellpadding=\"2\">\n<tbody>\n<tr>\n<td valign=\"top\">\n<p style=\"text-align: center;\"><a href=\"http:\/\/csicso.com\/ironman\/wp-content\/uploads\/2015\/02\/balatonmaraton.jpg\"><img loading=\"lazy\" decoding=\"async\" class=\"alignnone size-full wp-image-250\" src=\"http:\/\/csicso.com\/ironman\/wp-content\/uploads\/2015\/02\/balatonmaraton.jpg\" alt=\"balatonmaraton\" width=\"492\" height=\"175\" srcset=\"http:\/\/csicso.com\/futas\/wp-content\/uploads\/2015\/02\/balatonmaraton.jpg 492w, http:\/\/csicso.com\/futas\/wp-content\/uploads\/2015\/02\/balatonmaraton-300x107.jpg 300w\" sizes=\"auto, (max-width: 492px) 100vw, 492px\" \/><\/a><\/p>\n<p>Egy nagyon mer\u00e9sz \u00e9s magam sz\u00e1m\u00e1ra is csak tudat alattiba megb\u00fav\u00f3 esem\u00e9nyre siker\u00fcl eljutnom m\u00e1rcius 19-22-ig. Ez a 8. Spuri Balaton SzuperMaraton. A t\u00e1v 195,4 km, amit 4 nap alatt kell teljes\u00edteni. Ez\u00e9rt is kapott k\u00fcl\u00f6n oldalt ez az esem\u00e9ny, hogy r\u00e9szletesebben is be tudjak majd sz\u00e1molni, illetve itt egy helyen lesz mindegyik nap v\u00e9gi besz\u00e1mol\u00f3, k\u00e9pek.<\/p>\n<p>H\u00e1rman tervezt\u00fcnk elindulni rajta csapatban, a munkahely\u00fcnk t\u00e1mogat\u00e1s\u00e1val, de egyik koll\u00e9ga sajnos les\u00e9r\u00fclt a m\u00e1sik pedig kev\u00e9s szabads\u00e1gra illetve a felk\u00e9sz\u00fclts\u00e9g hi\u00e1ny\u00e1ra hivatkozva lemondta, \u00edgy egyed\u00fcl maradtam. Valami\u00e9rt egy percig nem volt k\u00e9rd\u00e9ses magam fel\u00e9, hogy ennek ellen\u00e9re nekiv\u00e1gok-e. Nem tudom mi\u00e9rt, ez sokkal kem\u00e9nyebb, mint amit eddig b\u00e1rmikor is pr\u00f3b\u00e1ltam. 4 nap fut\u00e1s, napi k\u00f6zel 50 km. Ilyen \u00e9s ehhez hasonl\u00f3 t\u00e1vot volt szerencs\u00e9m m\u00e1r teljes\u00edteni, h\u0151s\u00e9gben \u00e9s es\u0151s t\u00e9lben, s\u00e1rban, de csak egyszer&#8230; \u00e9s nem sok mosolyogni val\u00f3 volt egyik v\u00e9g\u00e9n sem \ud83d\ude42 M\u00e9gis most meg sem fordult a fejemben, hogy ne induljak. Csal\u00e1d r\u00e9sz\u00e9r\u0151l persze j\u00f6tt az agg\u00f3d\u00e1s, de nem sokkal nagyobb h\u00fclyes\u00e9g ez, mint amikor az els\u0151 maratonnak eredtem neki.<\/p>\n<p>A munkahelyem t\u00e1mogat\u00e1sa \u00edgy megmaradt \u00e9s nekil\u00e1ttam a szervez\u00e9snek. Befizettem a nevez\u00e9si d\u00edjat, a sz\u00e1ll\u00e1st \u00e9s nekil\u00e1ttam k\u00eds\u00e9r\u0151t keresni, ami nem egy h\u00e1l\u00e1s feladat. M\u00e1rmint nem a keres\u00e9s, hanem a k\u00eds\u00e9r\u00e9s. Egy 33 \u00e9ves nyafog\u00f3-picsog\u00f3, kimer\u00fcl f\u00e9rfi el\u00e9g g\u00e1z 5 \u00f3ra k\u00eds\u00e9ret ut\u00e1n \u00e9s m\u00e9g azut\u00e1n j\u00f6n az este ami nem buli \u00e9s sz\u00f3rakoz\u00e1s, hanem fekv\u00e9s id\u0151ben \u00e9s reggel kezd\u0151dik el\u0151r\u0151l mindez \ud83d\ude42 Sok verzi\u00f3 ut\u00e1n \u00f6cs\u00e9m elv\u00e1llalta. Igaz nem biciklivel fog j\u00f6nni, hogy meg\u00fassza a nyafog\u00e1st, kocsival el\u0151remegy a megbesz\u00e9lt friss\u00edt\u0151 pontokra \u00e9s ott \u00e1tadja a fel\u00edrt cuccokat, nem hagyja, hogy valamit visszautas\u00edtsak, seggber\u00fag hogy haladjak \u00e9s megy a k\u00f6vetkez\u0151re. Nap v\u00e9g\u00e9n illetve reggel furik\u00e1z a sz\u00e1ll\u00e1sra-sz\u00e1lll\u00e1st\u00f3l a rajthoz. Az ell\u00e1t\u00e1sunk szerencs\u00e9re maxim\u00e1lis, nem lesz gondunk semmire.<\/p>\n<p>Az esem\u00e9nyre term\u00e9szetesen k\u00e9sz\u00fcl p\u00f3l\u00f3 is, amin az \u00f6sszes t\u00e1mogat\u00f3m meg fog jelenni. Egy nagyon kedves ismer\u0151s\u00f6m\u00f6n kereszt\u00fcl siker\u00fclt az \u00fatik\u00f6lts\u00e9gre, technikai jelleg\u0171 friss\u00edt\u0151kre (ezek fele is felaj\u00e1nl\u00e1s a Gatorade forgalmaz\u00f3ja r\u00e9sz\u00e9r\u0151l), ruh\u00e1zatra is t\u00e1mogat\u00f3t tal\u00e1lni, amit innen is k\u00f6sz\u00f6n\u00f6k! Az eg\u00e9sz dolog valahogy annyira j\u00f3l \u00f6ssze\u00e1llt \u00edgy egy h\u00f3nappal az esem\u00e9ny el\u0151tt, amire nem is sz\u00e1m\u00edtottam. Nem mondom, hogy a teljes\u00edt\u00e9s is garant\u00e1lt &#8211; mert b\u00e1rmi k\u00f6zbej\u00f6het, s\u00e9r\u00fcl\u00e9s, rosszul l\u00e9t stb. &#8211; de szerencs\u00e9re ha egy nap nincs meg szintid\u0151re a t\u00e1v, m\u00e1snap \u00fajb\u00f3l rajthoz \u00e1llhatok.<\/p>\n<p>Ma a nagyobbik gyerek farsangj\u00e1n beugrott egy \u00f6tlet, hogy tal\u00e1n seg\u00edthetn\u00e9k is azzal, hogy futok. Tal\u00e1lkoztam m\u00e1r olyannal, hogy valaki egy nagyobb fut\u00e1s\u00e1nak kilom\u00e9tereit felaj\u00e1nlja \u00fan. \u00f6r\u00f6kbefogad\u00e1sra. Az \u00f6r\u00f6kbefogad\u00e1s d\u00edj\u00e1t a kijel\u00f6lt szervezet kapja meg. Gondoltam mivel itt akad el\u00e9g sok kilom\u00e9ter, tehetn\u00e9k egy pr\u00f3b\u00e1t vele. Egyik ismer\u0151s\u00f6m egy gyermek\u00e9tkeztet\u00e9si alap\u00edtv\u00e1nyn\u00e1l dolgozik \u00e9s megk\u00e9rdeztem \u00f6r\u00fclne-e neki &#8211; persze nem csak az ismer\u0151s\u00f6m miatt kapj\u00e1k \u0151k, hanem a c\u00e9l is k\u00f6zel \u00e1ll hozz\u00e1m. Term\u00e9szetesen igent mondott, hamarosan kidolgozzuk a r\u00e9szleteket \u00e9s k\u00f6zz\u00e9 teszem itt az oldalon, hogyan lehet \u00f6r\u00f6kbefogadni a 195 kilom\u00e9ter egyik\u00e9t.<\/td>\n<td valign=\"top\"><a href=\"http:\/\/csicso.com\/ironman\/wp-content\/uploads\/2015\/02\/duna.jpg\"><img loading=\"lazy\" decoding=\"async\" class=\"alignnone size-medium wp-image-247\" src=\"http:\/\/csicso.com\/ironman\/wp-content\/uploads\/2015\/02\/duna-300x233.jpg\" alt=\"duna\" width=\"300\" height=\"233\" srcset=\"http:\/\/csicso.com\/futas\/wp-content\/uploads\/2015\/02\/duna-300x233.jpg 300w, http:\/\/csicso.com\/futas\/wp-content\/uploads\/2015\/02\/duna-514x400.jpg 514w, http:\/\/csicso.com\/futas\/wp-content\/uploads\/2015\/02\/duna.jpg 1017w\" sizes=\"auto, (max-width: 300px) 100vw, 300px\" \/><\/a><\/p>\n<p style=\"text-align: center;\"><a href=\"http:\/\/csicso.com\/ironman\/wp-content\/uploads\/2015\/02\/gatorade.jpg\"><img loading=\"lazy\" decoding=\"async\" class=\"alignnone size-medium wp-image-248\" src=\"http:\/\/csicso.com\/ironman\/wp-content\/uploads\/2015\/02\/gatorade-300x198.jpg\" alt=\"gatorade\" width=\"300\" height=\"198\" srcset=\"http:\/\/csicso.com\/futas\/wp-content\/uploads\/2015\/02\/gatorade-300x198.jpg 300w, http:\/\/csicso.com\/futas\/wp-content\/uploads\/2015\/02\/gatorade-600x395.jpg 600w, http:\/\/csicso.com\/futas\/wp-content\/uploads\/2015\/02\/gatorade.jpg 960w\" sizes=\"auto, (max-width: 300px) 100vw, 300px\" \/><\/a><\/p>\n<p style=\"text-align: center;\"><a href=\"http:\/\/csicso.com\/ironman\/wp-content\/uploads\/2015\/02\/12.gif\"><img loading=\"lazy\" decoding=\"async\" class=\"alignnone size-medium wp-image-252\" src=\"http:\/\/csicso.com\/ironman\/wp-content\/uploads\/2015\/02\/12-300x158.gif\" alt=\"12\" width=\"300\" height=\"158\" srcset=\"http:\/\/csicso.com\/futas\/wp-content\/uploads\/2015\/02\/12-300x158.gif 300w, http:\/\/csicso.com\/futas\/wp-content\/uploads\/2015\/02\/12-1024x539.gif 1024w, http:\/\/csicso.com\/futas\/wp-content\/uploads\/2015\/02\/12-600x316.gif 600w\" sizes=\"auto, (max-width: 300px) 100vw, 300px\" \/><\/a><\/p>\n<\/td>\n<\/tr>\n<\/tbody>\n<\/table>\n","protected":false},"excerpt":{"rendered":"<p>Egy nagyon mer\u00e9sz \u00e9s magam sz\u00e1m\u00e1ra is csak tudat alattiba megb\u00fav\u00f3 esem\u00e9nyre siker\u00fcl eljutnom m\u00e1rcius 19-22-ig. Ez a 8. Spuri Balaton SzuperMaraton. A t\u00e1v 195,4 km, amit 4 nap alatt kell teljes\u00edteni. Ez\u00e9rt is kapott k\u00fcl\u00f6n oldalt ez az esem\u00e9ny, hogy r\u00e9szletesebben is be tudjak majd sz\u00e1molni, illetve itt egy helyen lesz mindegyik nap v\u00e9gi &hellip; <a href=\"http:\/\/csicso.com\/futas\/8-spuri-balaton-szupermaraton\/\">Continue reading <span class=\"meta-nav\">&rarr;<\/span><\/a><\/p>\n","protected":false},"author":1,"featured_media":250,"parent":0,"menu_order":5,"comment_status":"closed","ping_status":"open","template":"","meta":{"footnotes":""},"class_list":["post-245","page","type-page","status-publish","hentry"],"_links":{"self":[{"href":"http:\/\/csicso.com\/futas\/wp-json\/wp\/v2\/pages\/245","targetHints":{"allow":["GET"]}}],"collection":[{"href":"http:\/\/csicso.com\/futas\/wp-json\/wp\/v2\/pages"}],"about":[{"href":"http:\/\/csicso.com\/futas\/wp-json\/wp\/v2\/types\/page"}],"author":[{"embeddable":true,"href":"http:\/\/csicso.com\/futas\/wp-json\/wp\/v2\/users\/1"}],"replies":[{"embeddable":true,"href":"http:\/\/csicso.com\/futas\/wp-json\/wp\/v2\/comments?post=245"}],"version-history":[{"count":2,"href":"http:\/\/csicso.com\/futas\/wp-json\/wp\/v2\/pages\/245\/revisions"}],"predecessor-version":[{"id":253,"href":"http:\/\/csicso.com\/futas\/wp-json\/wp\/v2\/pages\/245\/revisions\/253"}],"wp:featuredmedia":[{"embeddable":true,"href":"http:\/\/csicso.com\/futas\/wp-json\/wp\/v2\/media\/250"}],"wp:attachment":[{"href":"http:\/\/csicso.com\/futas\/wp-json\/wp\/v2\/media?parent=245"}],"curies":[{"name":"wp","href":"https:\/\/api.w.org\/{rel}","templated":true}]}}