{"id":254,"date":"2015-02-15T14:45:20","date_gmt":"2015-02-15T12:45:20","guid":{"rendered":"http:\/\/csicso.com\/ironman\/?page_id=254"},"modified":"2019-07-01T19:30:40","modified_gmt":"2019-07-01T17:30:40","slug":"orokbefogadas","status":"publish","type":"page","link":"http:\/\/csicso.com\/futas\/8-spuri-balaton-szupermaraton\/orokbefogadas\/","title":{"rendered":"\u00d6r\u00f6kbefogad\u00e1s"},"content":{"rendered":"<p>Id\u00e9n abban a szerencs\u00e9s helyzetben vagyok, hogy a t\u00e1mogat\u00f3imnak k\u00f6sz\u00f6nhet\u0151en siker\u00fclt neveznem a <a title=\"Le\u00edr\u00e1s\" href=\"http:\/\/csicso.com\/ironman\/8-spuri-balaton-szupermaraton\/leiras\/\">8. Spuri Balaton SzuperMaratonra<\/a>. Ezt az alkalmat nem csak arra szerettem volna haszn\u00e1lni, hogy \u00e1tl\u00e9pve a hat\u00e1raim megpr\u00f3b\u00e1ljam k\u00f6rbefutni a tavat, hanem megpr\u00f3b\u00e1lni m\u00e1soknak is seg\u00edteni ez\u00e1ltal.<\/p>\n<p><a href=\"http:\/\/csicso.com\/ironman\/wp-content\/uploads\/2015\/02\/x1415892470.jpg\"><img loading=\"lazy\" decoding=\"async\" class=\"aligncenter wp-image-289 size-medium\" src=\"http:\/\/csicso.com\/ironman\/wp-content\/uploads\/2015\/02\/x1415892470-300x111.jpg\" alt=\"x1415892470\" width=\"300\" height=\"111\" srcset=\"http:\/\/csicso.com\/futas\/wp-content\/uploads\/2015\/02\/x1415892470-300x111.jpg 300w, http:\/\/csicso.com\/futas\/wp-content\/uploads\/2015\/02\/x1415892470-600x222.jpg 600w, http:\/\/csicso.com\/futas\/wp-content\/uploads\/2015\/02\/x1415892470.jpg 851w\" sizes=\"auto, (max-width: 300px) 100vw, 300px\" \/><\/a>Bev\u00e1lt m\u00f3dszer, hogy egy verseny kilom\u00e9tereit \u00f6r\u00f6kbe lehet fogadni egy jelk\u00e9pes \u00f6sszeg\u00e9rt, amit a t\u00e1mogatott alap\u00edtv\u00e1ny kap meg. \u00c9n is ezt az utat v\u00e1laszottam \u00e9s az \u00e1ltalam t\u00e1mogatott alap\u00edt\u00e1ny a szegedi Egy eb\u00e9d egy es\u00e9ly. A fut\u00e1s r\u00e9v\u00e9n tudom milyen fontos a rendszeres \u00e9s j\u00f3 min\u0151s\u00e9g\u0171, vitamind\u00fas t\u00e1pl\u00e1l\u00e9k fogyaszt\u00e1sa, \u00edgy a fut\u00e1shoz kapcsol\u00f3dik is az alap\u00edtv\u00e1ny tev\u00e9kenys\u00e9ge.<\/p>\n<p>Az al\u00e1bbi m\u00f3don tudsz egy vagy t\u00f6bb kilom\u00e9tert \u00f6r\u00f6kbefogadni, van bel\u0151l\u00fck b\u0151ven \ud83d\ude42 :<\/p>\n<ul>\n<li>Egy kilom\u00e9ter \u00f6r\u00f6kbefogad\u00e1si d\u00edja: 1.000 Ft<\/li>\n<li>\u00d6r\u00f6kbefogadhat\u00f3 kilom\u00e9terek sz\u00e1ma: 195 db<\/li>\n<li>Az \u00f6r\u00f6kbefogad\u00e1s \u00e1tutal\u00e1ssal \u00e9rv\u00e9nyes\u00edthet\u0151, az \u00e1ltalad megv\u00e1s\u00e1rolni k\u00edv\u00e1nt kilom\u00e9terek d\u00edj\u00e1t ide tudod utalni:<br \/>\n<strong>Egy Eb\u00e9d Egy Es\u00e9ly Gyermek\u00e9tkeztet\u00e9si K\u00f6zhaszn\u00fa Alap\u00edtv\u00e1ny &#8211; K&amp;H: 10402805-50526548-86871012<\/strong><br \/>\nA k\u00f6zlem\u00e9nyben t\u00fcntesd fel a &#8222;SzuperMaraton&#8221; sz\u00f3t.<\/li>\n<\/ul>\n<p>Az al\u00e1bbi t\u00e1bl\u00e1zatban lehet majd nyomon k\u00f6vetni hogy is \u00e1ll az akci\u00f3 \u00e9s mennyi t\u00e1mogat\u00e1st siker\u00fclt gy\u0171jteni!<\/p>\n<table border=\"0\" cellspacing=\"0\" cellpadding=\"0\" align=\"center\">\n<tbody>\n<tr>\n<td style=\"height: 40px; width: 40px; background-color: #00cc66; color: #ffffff;\" align=\"center\">1<\/td>\n<td style=\"height: 40px; width: 40px; background-color: #00cc66; color: #ffffff;\" align=\"center\">2<\/td>\n<td style=\"height: 40px; width: 40px; background-color: #00cc66; color: #ffffff;\" align=\"center\">3<\/td>\n<td style=\"height: 40px; width: 40px; background-color: #00cc66; color: #ffffff;\" align=\"center\">4<\/td>\n<td style=\"height: 40px; width: 40px; background-color: #00cc66; color: #ffffff;\" align=\"center\">5<\/td>\n<td style=\"height: 40px; width: 40px; background-color: #00cc66; color: #ffffff;\" align=\"center\">6<\/td>\n<td style=\"height: 40px; width: 40px; background-color: #00cc66; color: #ffffff;\" align=\"center\">7<\/td>\n<td style=\"height: 40px; width: 40px; background-color: #0066ff; color: #ffffff;\" align=\"center\">8<\/td>\n<td style=\"height: 40px; width: 40px; background-color: #00cc66; color: #ffffff;\" align=\"center\">9<\/td>\n<td style=\"height: 40px; width: 40px; background-color: #00cc66; color: #ffffff;\" align=\"center\">10<\/td>\n<td style=\"height: 40px; width: 40px; background-color: #00cc66; color: #ffffff;\" align=\"center\">11<\/td>\n<td style=\"height: 40px; width: 40px; background-color: #ffff99; color: #000000;\" align=\"center\">12<\/td>\n<td style=\"height: 40px; width: 40px; background-color: #00cc66; color: #ffffff;\" align=\"center\">13<\/td>\n<td style=\"height: 40px; width: 40px; background-color: #00cc66; color: #ffffff;\" align=\"center\">14<\/td>\n<td style=\"height: 40px; width: 40px; background-color: #00cc66; color: #ffffff;\" align=\"center\">15<\/td>\n<td style=\"height: 40px; width: 40px; background-color: #00cc66; color: #ffffff;\" align=\"center\">16<\/td>\n<td style=\"height: 40px; width: 40px; background-color: #00cc66; color: #ffffff;\" align=\"center\">17<\/td>\n<td style=\"height: 40px; width: 40px; background-color: #00cc66; color: #ffffff;\" align=\"center\">18<\/td>\n<td style=\"height: 40px; width: 40px; background-color: #00cc66; color: #ffffff;\" align=\"center\">19<\/td>\n<td style=\"height: 40px; width: 40px; background-color: #ff66ff; color: #ffffff;\" align=\"center\">20<\/td>\n<\/tr>\n<tr>\n<td style=\"height: 40px; width: 40px; background-color: #ff66ff; color: #ffffff;\" align=\"center\">21<\/td>\n<td style=\"height: 40px; width: 40px; background-color: #00cc66; color: #ffffff;\" align=\"center\">22<\/td>\n<td style=\"height: 40px; width: 40px; background-color: #00cc66; color: #ffffff;\" align=\"center\">23<\/td>\n<td style=\"height: 40px; width: 40px; background-color: #ff66ff; color: #ffffff;\" align=\"center\">24<\/td>\n<td style=\"height: 40px; width: 40px; background-color: #ff66ff; color: #ffffff;\" align=\"center\">25<\/td>\n<td style=\"height: 40px; width: 40px; background-color: #00cc66; color: #ffffff;\" align=\"center\">26<\/td>\n<td style=\"height: 40px; width: 40px; background-color: #00cc66; color: #ffffff;\" align=\"center\">27<\/td>\n<td style=\"height: 40px; width: 40px; background-color: #00cc66; color: #ffffff;\" align=\"center\">28<\/td>\n<td style=\"height: 40px; width: 40px; background-color: #00cc66; color: #ffffff;\" align=\"center\">29<\/td>\n<td style=\"height: 40px; width: 40px; background-color: #00cc66; color: #ffffff;\" align=\"center\">30<\/td>\n<td style=\"height: 40px; width: 40px; background-color: #00cc66; color: #ffffff;\" align=\"center\">31<\/td>\n<td style=\"height: 40px; width: 40px; background-color: #00cc66; color: #ffffff;\" align=\"center\">32<\/td>\n<td style=\"height: 40px; width: 40px; background-color: #00cc66; color: #ffffff;\" align=\"center\">33<\/td>\n<td style=\"height: 40px; width: 40px; background-color: #00cc66; color: #ffffff;\" align=\"center\">34<\/td>\n<td style=\"height: 40px; width: 40px; background-color: #00cc66; color: #ffffff;\" align=\"center\">35<\/td>\n<td style=\"height: 40px; width: 40px; background-color: #00cc66; color: #ffffff;\" align=\"center\">36<\/td>\n<td style=\"height: 40px; width: 40px; background-color: #00cc66; color: #ffffff;\" align=\"center\">37<\/td>\n<td style=\"height: 40px; width: 40px; background-color: #00cc66; color: #ffffff;\" align=\"center\">38<\/td>\n<td style=\"height: 40px; width: 40px; background-color: #00cc66; color: #ffffff;\" align=\"center\">39<\/td>\n<td style=\"height: 40px; width: 40px; background-color: #00cc66; color: #ffffff;\" align=\"center\">40<\/td>\n<\/tr>\n<tr>\n<td style=\"height: 40px; width: 40px; background-color: #00cc66; color: #ffffff;\" align=\"center\">41<\/td>\n<td style=\"height: 40px; width: 40px; background-color: #00cc66; color: #ffffff;\" align=\"center\">42<\/td>\n<td style=\"height: 40px; width: 40px; background-color: #00cc66; color: #ffffff;\" align=\"center\">43<\/td>\n<td style=\"height: 40px; width: 40px; background-color: #00cc66; color: #ffffff;\" align=\"center\">44<\/td>\n<td style=\"height: 40px; width: 40px; background-color: #00cc66; color: #ffffff;\" align=\"center\">45<\/td>\n<td style=\"height: 40px; width: 40px; background-color: #00cc66; color: #ffffff;\" align=\"center\">46<\/td>\n<td style=\"height: 40px; width: 40px; background-color: #00cc66; color: #ffffff;\" align=\"center\">47<\/td>\n<td style=\"height: 40px; width: 40px; background-color: #00cc66; color: #ffffff;\" align=\"center\">48<\/td>\n<td style=\"height: 40px; width: 40px; background-color: #00cc66; color: #ffffff;\" align=\"center\">49<\/td>\n<td style=\"height: 40px; width: 40px; background-color: #00cc66; color: #ffffff;\" align=\"center\">50<\/td>\n<td style=\"height: 40px; width: 40px; background-color: #00cc66; color: #ffffff;\" align=\"center\">51<\/td>\n<td style=\"height: 40px; width: 40px; background-color: #00cc66; color: #ffffff;\" align=\"center\">52<\/td>\n<td style=\"height: 40px; width: 40px; background-color: #00cc66; color: #ffffff;\" align=\"center\">53<\/td>\n<td style=\"height: 40px; width: 40px;\" align=\"center\">54<\/td>\n<td style=\"height: 40px; width: 40px;\" align=\"center\">55<\/td>\n<td style=\"height: 40px; width: 40px;\" align=\"center\">56<\/td>\n<td style=\"height: 40px; width: 40px;\" align=\"center\">57<\/td>\n<td style=\"height: 40px; width: 40px;\" align=\"center\">58<\/td>\n<td style=\"height: 40px; width: 40px; background-color: #00cc66; color: #ffffff;\" align=\"center\">59<\/td>\n<td style=\"height: 40px; width: 40px;\" align=\"center\">60<\/td>\n<\/tr>\n<tr>\n<td style=\"height: 40px; width: 40px;\" align=\"center\">61<\/td>\n<td style=\"height: 40px; width: 40px;\" align=\"center\">62<\/td>\n<td style=\"height: 40px; width: 40px;\" align=\"center\">63<\/td>\n<td style=\"height: 40px; width: 40px;\" align=\"center\">64<\/td>\n<td style=\"height: 40px; width: 40px;\" align=\"center\">65<\/td>\n<td style=\"height: 40px; width: 40px; background-color: #9900ff; color: #ffffff;\" align=\"center\">66<\/td>\n<td style=\"height: 40px; width: 40px;\" align=\"center\">67<\/td>\n<td style=\"height: 40px; width: 40px;\" align=\"center\">68<\/td>\n<td style=\"height: 40px; width: 40px; background-color: #cc00cc; color: #ffffff;\" align=\"center\">69<\/td>\n<td style=\"height: 40px; width: 40px;\" align=\"center\">70<\/td>\n<td style=\"height: 40px; width: 40px;\" align=\"center\">71<\/td>\n<td style=\"height: 40px; width: 40px; background-color: #00cc66; color: #ffffff;\" align=\"center\">72<\/td>\n<td style=\"height: 40px; width: 40px; background-color: #00cc66; color: #ffffff;\" align=\"center\">73<\/td>\n<td style=\"height: 40px; width: 40px;\" align=\"center\">74<\/td>\n<td style=\"height: 40px; width: 40px;\" align=\"center\">75<\/td>\n<td style=\"height: 40px; width: 40px;\" align=\"center\">76<\/td>\n<td style=\"height: 40px; width: 40px; background-color: #ff6633; color: #ffffff;\" align=\"center\">77<\/td>\n<td style=\"height: 40px; width: 40px;\" align=\"center\">78<\/td>\n<td style=\"height: 40px; width: 40px;\" align=\"center\">79<\/td>\n<td style=\"height: 40px; width: 40px; background-color: #00cc66; color: #ffffff;\" align=\"center\">80<\/td>\n<\/tr>\n<tr>\n<td style=\"height: 40px; width: 40px;\" align=\"center\">81<\/td>\n<td style=\"height: 40px; width: 40px;\" align=\"center\">82<\/td>\n<td style=\"height: 40px; width: 40px;\" align=\"center\">83<\/td>\n<td style=\"height: 40px; width: 40px;\" align=\"center\">84<\/td>\n<td style=\"height: 40px; width: 40px; background-color: #9900ff; color: #ffffff;\" align=\"center\">85<\/td>\n<td style=\"height: 40px; width: 40px;\" align=\"center\">86<\/td>\n<td style=\"height: 40px; width: 40px;\" align=\"center\">87<\/td>\n<td style=\"height: 40px; width: 40px;\" align=\"center\">88<\/td>\n<td style=\"height: 40px; width: 40px;\" align=\"center\">89<\/td>\n<td style=\"height: 40px; width: 40px;\" align=\"center\">90<\/td>\n<td style=\"height: 40px; width: 40px;\" align=\"center\">91<\/td>\n<td style=\"height: 40px; width: 40px;\" align=\"center\">92<\/td>\n<td style=\"height: 40px; width: 40px;\" align=\"center\">93<\/td>\n<td style=\"height: 40px; width: 40px;\" align=\"center\">94<\/td>\n<td style=\"height: 40px; width: 40px;\" align=\"center\">95<\/td>\n<td style=\"height: 40px; width: 40px;\" align=\"center\">96<\/td>\n<td style=\"height: 40px; width: 40px;\" align=\"center\">97<\/td>\n<td style=\"height: 40px; width: 40px; background-color: #ff9933; color: #ffffff;\" align=\"center\">98<\/td>\n<td style=\"height: 40px; width: 40px; background-color: #00cc66; color: #ffffff;\" align=\"center\">99<\/td>\n<td style=\"height: 40px; width: 40px; background-color: #0066ff; color: #ffffff;\" align=\"center\">100<\/td>\n<\/tr>\n<tr>\n<td style=\"height: 40px; width: 40px; background-color: #ff0000; color: #ffffff;\" align=\"center\">101<\/td>\n<td style=\"height: 40px; width: 40px;\" align=\"center\">102<\/td>\n<td style=\"height: 40px; width: 40px;\" align=\"center\">103<\/td>\n<td style=\"height: 40px; width: 40px;\" align=\"center\">104<\/td>\n<td style=\"height: 40px; width: 40px;\" align=\"center\">105<\/td>\n<td style=\"height: 40px; width: 40px;\" align=\"center\">106<\/td>\n<td style=\"height: 40px; width: 40px;\" align=\"center\">107<\/td>\n<td style=\"height: 40px; width: 40px;\" align=\"center\">108<\/td>\n<td style=\"height: 40px; width: 40px;\" align=\"center\">109<\/td>\n<td style=\"height: 40px; width: 40px;\" align=\"center\">110<\/td>\n<td style=\"height: 40px; width: 40px; background-color: #00cc66; color: #ffffff;\" align=\"center\">111<\/td>\n<td style=\"height: 40px; width: 40px;\" align=\"center\">112<\/td>\n<td style=\"height: 40px; width: 40px;\" align=\"center\">113<\/td>\n<td style=\"height: 40px; width: 40px;\" align=\"center\">114<\/td>\n<td style=\"height: 40px; width: 40px;\" align=\"center\">115<\/td>\n<td style=\"height: 40px; width: 40px;\" align=\"center\">116<\/td>\n<td style=\"height: 40px; width: 40px;\" align=\"center\">117<\/td>\n<td style=\"height: 40px; width: 40px;\" align=\"center\">118<\/td>\n<td style=\"height: 40px; width: 40px;\" align=\"center\">119<\/td>\n<td style=\"height: 40px; width: 40px;\" align=\"center\">120<\/td>\n<\/tr>\n<tr>\n<td style=\"height: 40px; width: 40px;\" align=\"center\">121<\/td>\n<td style=\"height: 40px; width: 40px;\" align=\"center\">122<\/td>\n<td style=\"height: 40px; width: 40px;\" align=\"center\">123<\/td>\n<td style=\"height: 40px; width: 40px;\" align=\"center\">124<\/td>\n<td style=\"height: 40px; width: 40px; background-color: #00cc66; color: #ffffff;\" align=\"center\">125<\/td>\n<td style=\"height: 40px; width: 40px; background-color: #00cc66; color: #ffffff;\" align=\"center\">126<\/td>\n<td style=\"height: 40px; width: 40px;\" align=\"center\">127<\/td>\n<td style=\"height: 40px; width: 40px;\" align=\"center\">128<\/td>\n<td style=\"height: 40px; width: 40px;\" align=\"center\">129<\/td>\n<td style=\"height: 40px; width: 40px;\" align=\"center\">130<\/td>\n<td style=\"height: 40px; width: 40px;\" align=\"center\">131<\/td>\n<td style=\"height: 40px; width: 40px;\" align=\"center\">132<\/td>\n<td style=\"height: 40px; width: 40px;\" align=\"center\">133<\/td>\n<td style=\"height: 40px; width: 40px;\" align=\"center\">134<\/td>\n<td style=\"height: 40px; width: 40px;\" align=\"center\">135<\/td>\n<td style=\"height: 40px; width: 40px;\" align=\"center\">136<\/td>\n<td style=\"height: 40px; width: 40px;\" align=\"center\">137<\/td>\n<td style=\"height: 40px; width: 40px;\" align=\"center\">138<\/td>\n<td style=\"height: 40px; width: 40px;\" align=\"center\">139<\/td>\n<td style=\"height: 40px; width: 40px;\" align=\"center\">140<\/td>\n<\/tr>\n<tr>\n<td style=\"height: 40px; width: 40px;\" align=\"center\">141<\/td>\n<td style=\"height: 40px; width: 40px;\" align=\"center\">142<\/td>\n<td style=\"height: 40px; width: 40px;\" align=\"center\">143<\/td>\n<td style=\"height: 40px; width: 40px;\" align=\"center\">144<\/td>\n<td style=\"height: 40px; width: 40px; background-color: #00cc66; color: #ffffff;\" align=\"center\">145<\/td>\n<td style=\"height: 40px; width: 40px;\" align=\"center\">146<\/td>\n<td style=\"height: 40px; width: 40px;\" align=\"center\">147<\/td>\n<td style=\"height: 40px; width: 40px;\" align=\"center\">148<\/td>\n<td style=\"height: 40px; width: 40px;\" align=\"center\">149<\/td>\n<td style=\"height: 40px; width: 40px;\" align=\"center\">150<\/td>\n<td style=\"height: 40px; width: 40px;\" align=\"center\">151<\/td>\n<td style=\"height: 40px; width: 40px;\" align=\"center\">152<\/td>\n<td style=\"height: 40px; width: 40px;\" align=\"center\">153<\/td>\n<td style=\"height: 40px; width: 40px;\" align=\"center\">154<\/td>\n<td style=\"height: 40px; width: 40px;\" align=\"center\">155<\/td>\n<td style=\"height: 40px; width: 40px;\" align=\"center\">156<\/td>\n<td style=\"height: 40px; width: 40px;\" align=\"center\">157<\/td>\n<td style=\"height: 40px; width: 40px; background-color: #ff66ff; color: #ffffff;\" align=\"center\">158<\/td>\n<td style=\"height: 40px; width: 40px;\" align=\"center\">159<\/td>\n<td style=\"height: 40px; width: 40px;\" align=\"center\">160<\/td>\n<\/tr>\n<tr>\n<td style=\"height: 40px; width: 40px;\" align=\"center\">161<\/td>\n<td style=\"height: 40px; width: 40px;\" align=\"center\">162<\/td>\n<td style=\"height: 40px; width: 40px;\" align=\"center\">163<\/td>\n<td style=\"height: 40px; width: 40px;\" align=\"center\">164<\/td>\n<td style=\"height: 40px; width: 40px;\" align=\"center\">165<\/td>\n<td style=\"height: 40px; width: 40px;\" align=\"center\">166<\/td>\n<td style=\"height: 40px; width: 40px;\" align=\"center\">167<\/td>\n<td style=\"height: 40px; width: 40px;\" align=\"center\">168<\/td>\n<td style=\"height: 40px; width: 40px;\" align=\"center\">169<\/td>\n<td style=\"height: 40px; width: 40px;\" align=\"center\">170<\/td>\n<td style=\"height: 40px; width: 40px;\" align=\"center\">171<\/td>\n<td style=\"height: 40px; width: 40px;\" align=\"center\">172<\/td>\n<td style=\"height: 40px; width: 40px;\" align=\"center\">173<\/td>\n<td style=\"height: 40px; width: 40px;\" align=\"center\">174<\/td>\n<td style=\"height: 40px; width: 40px;\" align=\"center\">175<\/td>\n<td style=\"height: 40px; width: 40px;\" align=\"center\">176<\/td>\n<td style=\"height: 40px; width: 40px;\" align=\"center\">177<\/td>\n<td style=\"height: 40px; width: 40px;\" align=\"center\">178<\/td>\n<td style=\"height: 40px; width: 40px;\" align=\"center\">179<\/td>\n<td style=\"height: 40px; width: 40px;\" align=\"center\">180<\/td>\n<\/tr>\n<tr>\n<td style=\"height: 40px; width: 40px;\" align=\"center\">181<\/td>\n<td style=\"height: 40px; width: 40px;\" align=\"center\">182<\/td>\n<td style=\"height: 40px; width: 40px;\" align=\"center\">183<\/td>\n<td style=\"height: 40px; width: 40px;\" align=\"center\">184<\/td>\n<td style=\"height: 40px; width: 40px;\" align=\"center\">185<\/td>\n<td style=\"height: 40px; width: 40px;\" align=\"center\">186<\/td>\n<td style=\"height: 40px; width: 40px;\" align=\"center\">187<\/td>\n<td style=\"height: 40px; width: 40px;\" align=\"center\">188<\/td>\n<td style=\"height: 40px; width: 40px;\" align=\"center\">189<\/td>\n<td style=\"height: 40px; width: 40px;\" align=\"center\">190<\/td>\n<td style=\"height: 40px; width: 40px;\" align=\"center\">191<\/td>\n<td style=\"height: 40px; width: 40px;\" align=\"center\">192<\/td>\n<td style=\"height: 40px; width: 40px;\" align=\"center\">193<\/td>\n<td style=\"height: 40px; width: 40px; background-color: #00cc66; color: #ffffff;\" align=\"center\">194<\/td>\n<td style=\"height: 40px; width: 40px; background-color: #00cc66; color: #ffffff;\" align=\"center\">195<\/td>\n<td style=\"height: 40px; width: 40px;\" colspan=\"5\" align=\"center\"><\/td>\n<\/tr>\n<\/tbody>\n<\/table>\n<p>&nbsp;<\/p>\n","protected":false},"excerpt":{"rendered":"<p>Id\u00e9n abban a szerencs\u00e9s helyzetben vagyok, hogy a t\u00e1mogat\u00f3imnak k\u00f6sz\u00f6nhet\u0151en siker\u00fclt neveznem a 8. Spuri Balaton SzuperMaratonra. Ezt az alkalmat nem csak arra szerettem volna haszn\u00e1lni, hogy \u00e1tl\u00e9pve a hat\u00e1raim megpr\u00f3b\u00e1ljam k\u00f6rbefutni a tavat, hanem megpr\u00f3b\u00e1lni m\u00e1soknak is seg\u00edteni ez\u00e1ltal. Bev\u00e1lt m\u00f3dszer, hogy egy verseny kilom\u00e9tereit \u00f6r\u00f6kbe lehet fogadni egy jelk\u00e9pes \u00f6sszeg\u00e9rt, amit a t\u00e1mogatott &hellip; <a href=\"http:\/\/csicso.com\/futas\/8-spuri-balaton-szupermaraton\/orokbefogadas\/\">Continue reading <span class=\"meta-nav\">&rarr;<\/span><\/a><\/p>\n","protected":false},"author":1,"featured_media":0,"parent":245,"menu_order":0,"comment_status":"closed","ping_status":"open","template":"","meta":{"footnotes":""},"class_list":["post-254","page","type-page","status-publish","hentry"],"_links":{"self":[{"href":"http:\/\/csicso.com\/futas\/wp-json\/wp\/v2\/pages\/254","targetHints":{"allow":["GET"]}}],"collection":[{"href":"http:\/\/csicso.com\/futas\/wp-json\/wp\/v2\/pages"}],"about":[{"href":"http:\/\/csicso.com\/futas\/wp-json\/wp\/v2\/types\/page"}],"author":[{"embeddable":true,"href":"http:\/\/csicso.com\/futas\/wp-json\/wp\/v2\/users\/1"}],"replies":[{"embeddable":true,"href":"http:\/\/csicso.com\/futas\/wp-json\/wp\/v2\/comments?post=254"}],"version-history":[{"count":37,"href":"http:\/\/csicso.com\/futas\/wp-json\/wp\/v2\/pages\/254\/revisions"}],"predecessor-version":[{"id":368,"href":"http:\/\/csicso.com\/futas\/wp-json\/wp\/v2\/pages\/254\/revisions\/368"}],"up":[{"embeddable":true,"href":"http:\/\/csicso.com\/futas\/wp-json\/wp\/v2\/pages\/245"}],"wp:attachment":[{"href":"http:\/\/csicso.com\/futas\/wp-json\/wp\/v2\/media?parent=254"}],"curies":[{"name":"wp","href":"https:\/\/api.w.org\/{rel}","templated":true}]}}