{"id":342,"date":"2015-03-16T22:21:21","date_gmt":"2015-03-16T20:21:21","guid":{"rendered":"http:\/\/csicso.com\/ironman\/?page_id=342"},"modified":"2019-07-01T19:30:40","modified_gmt":"2019-07-01T17:30:40","slug":"nyomkovetes","status":"publish","type":"page","link":"http:\/\/csicso.com\/futas\/8-spuri-balaton-szupermaraton\/nyomkovetes\/","title":{"rendered":"Nyomk\u00f6vet\u00e9s"},"content":{"rendered":"<p>Aki szeretn\u00e9 az nyomon k\u00f6vetheti merre j\u00e1rok \u00e9ppen a verseny alkalm\u00e1val.<br \/>\nA napi rajt id\u0151pontok:<br \/>\n1 nap (cs\u00fct\u00f6rt\u00f6k) &#8211; 11:00<br \/>\n2. nap (p\u00e9ntek) &#8211; 10:30<br \/>\n3. nap (szombat) &#8211; 10:00<br \/>\n4. nap (vas\u00e1rnap) &#8211; 8:00<\/p>\n<p><a href=\"http:\/\/www.csicso.com\/bszm\/map.php\" target=\"_blank\" rel=\"noopener noreferrer\">http:\/\/www.csicso.com\/bszm\/map.php<\/a><\/p>\n<p>A tel\u00f3m az indul\u00e1s ut\u00e1n 15-25 perccel fogja felt\u00f6lteni az els\u0151 poz\u00edci\u00f3t, ut\u00e1na 10 percenk\u00e9nt a k\u00f6vetkez\u0151t. Minden poz\u00edci\u00f3t egy kis piros rajzsz\u00f6g fog jel\u00f6lni, ha f\u00f6l\u00e9 viszed az egeret l\u00e1tni fogod mikor voltam ott. Rem\u00e9lem a telefon akksija b\u00edrni fogja a napi 6-7 \u00f3r\u00e1s kik\u00e9pz\u00e9st. Az oldal 10 percenk\u00e9nt automatikusan \u00fajrat\u00f6lt, hogy beolvassa az \u00faj poz\u00edci\u00f3kat.<\/p>\n","protected":false},"excerpt":{"rendered":"<p>Aki szeretn\u00e9 az nyomon k\u00f6vetheti merre j\u00e1rok \u00e9ppen a verseny alkalm\u00e1val. A napi rajt id\u0151pontok: 1 nap (cs\u00fct\u00f6rt\u00f6k) &#8211; 11:00 2. nap (p\u00e9ntek) &#8211; 10:30 3. nap (szombat) &#8211; 10:00 4. nap (vas\u00e1rnap) &#8211; 8:00 http:\/\/www.csicso.com\/bszm\/map.php A tel\u00f3m az indul\u00e1s ut\u00e1n 15-25 perccel fogja felt\u00f6lteni az els\u0151 poz\u00edci\u00f3t, ut\u00e1na 10 percenk\u00e9nt a k\u00f6vetkez\u0151t. Minden poz\u00edci\u00f3t &hellip; <a href=\"http:\/\/csicso.com\/futas\/8-spuri-balaton-szupermaraton\/nyomkovetes\/\">Continue reading <span class=\"meta-nav\">&rarr;<\/span><\/a><\/p>\n","protected":false},"author":1,"featured_media":250,"parent":245,"menu_order":1,"comment_status":"closed","ping_status":"open","template":"","meta":{"footnotes":""},"class_list":["post-342","page","type-page","status-publish","hentry"],"_links":{"self":[{"href":"http:\/\/csicso.com\/futas\/wp-json\/wp\/v2\/pages\/342","targetHints":{"allow":["GET"]}}],"collection":[{"href":"http:\/\/csicso.com\/futas\/wp-json\/wp\/v2\/pages"}],"about":[{"href":"http:\/\/csicso.com\/futas\/wp-json\/wp\/v2\/types\/page"}],"author":[{"embeddable":true,"href":"http:\/\/csicso.com\/futas\/wp-json\/wp\/v2\/users\/1"}],"replies":[{"embeddable":true,"href":"http:\/\/csicso.com\/futas\/wp-json\/wp\/v2\/comments?post=342"}],"version-history":[{"count":3,"href":"http:\/\/csicso.com\/futas\/wp-json\/wp\/v2\/pages\/342\/revisions"}],"predecessor-version":[{"id":1357,"href":"http:\/\/csicso.com\/futas\/wp-json\/wp\/v2\/pages\/342\/revisions\/1357"}],"up":[{"embeddable":true,"href":"http:\/\/csicso.com\/futas\/wp-json\/wp\/v2\/pages\/245"}],"wp:featuredmedia":[{"embeddable":true,"href":"http:\/\/csicso.com\/futas\/wp-json\/wp\/v2\/media\/250"}],"wp:attachment":[{"href":"http:\/\/csicso.com\/futas\/wp-json\/wp\/v2\/media?parent=342"}],"curies":[{"name":"wp","href":"https:\/\/api.w.org\/{rel}","templated":true}]}}